{"id":37,"date":"2021-02-18T11:49:55","date_gmt":"2021-02-18T10:49:55","guid":{"rendered":"https:\/\/www.vinn.no\/nettbutikk2\/produkt\/import-placeholder-for-27\/"},"modified":"2021-12-22T11:46:44","modified_gmt":"2021-12-22T10:46:44","slug":"test-deg-selv-salgsbevilling","status":"publish","type":"product","link":"https:\/\/www.vinn.no\/nettbutikk\/produkt\/test-deg-selv-salgsbevilling\/","title":{"rendered":"Test deg selv &#8211; salgsbevilling"},"content":{"rendered":"<p>Med &#8220;Test deg selv&#8221; trenger du ikke bekymre deg for hva du blir \u00e5 m\u00f8te n\u00e5r du tar pr\u00f8ven hos kommunen. Pr\u00f8vene du f\u00e5r her er av samme vanskelighetsgrad som pr\u00f8ven du vil m\u00f8te hos kommunen. Den best\u00e5r av 30 sp\u00f8rsm\u00e5l hvor 80 % m\u00e5 besvares korrekt i l\u00f8pet av 60 minutter. Det lages en ny pr\u00f8ve til deg hver gang fra v\u00e5r omfattende sp\u00f8rsm\u00e5lsdatabase og du kan ta s\u00e5 mange pr\u00f8ver du vil i l\u00f8pet av 7 dager.<\/p>\n<p>Det blir opprettet en bruker til deg n\u00e5r du bestiller s\u00e5nn at du kan starte Test deg selv n\u00e5r du \u00f8nsker.<\/p>\n","protected":false},"excerpt":{"rendered":"<p>Test dine kunnskaper<\/p>\n","protected":false},"featured_media":16,"template":"","meta":{"_et_pb_use_builder":"","_et_pb_old_content":"","_et_gb_content_width":""},"product_brand":[],"product_cat":[19],"product_tag":[],"class_list":{"0":"post-37","1":"product","2":"type-product","3":"status-publish","4":"has-post-thumbnail","6":"product_cat-kunnskapsproven-for-salgsbevilling","8":"first","9":"instock","10":"downloadable","11":"virtual","12":"sold-individually","13":"taxable","14":"purchasable","15":"product-type-simple"},"_links":{"self":[{"href":"https:\/\/www.vinn.no\/nettbutikk\/wp-json\/wp\/v2\/product\/37","targetHints":{"allow":["GET"]}}],"collection":[{"href":"https:\/\/www.vinn.no\/nettbutikk\/wp-json\/wp\/v2\/product"}],"about":[{"href":"https:\/\/www.vinn.no\/nettbutikk\/wp-json\/wp\/v2\/types\/product"}],"wp:featuredmedia":[{"embeddable":true,"href":"https:\/\/www.vinn.no\/nettbutikk\/wp-json\/wp\/v2\/media\/16"}],"wp:attachment":[{"href":"https:\/\/www.vinn.no\/nettbutikk\/wp-json\/wp\/v2\/media?parent=37"}],"wp:term":[{"taxonomy":"product_brand","embeddable":true,"href":"https:\/\/www.vinn.no\/nettbutikk\/wp-json\/wp\/v2\/product_brand?post=37"},{"taxonomy":"product_cat","embeddable":true,"href":"https:\/\/www.vinn.no\/nettbutikk\/wp-json\/wp\/v2\/product_cat?post=37"},{"taxonomy":"product_tag","embeddable":true,"href":"https:\/\/www.vinn.no\/nettbutikk\/wp-json\/wp\/v2\/product_tag?post=37"}],"curies":[{"name":"wp","href":"https:\/\/api.w.org\/{rel}","templated":true}]}}