{"id":29,"date":"2021-02-18T10:51:43","date_gmt":"2021-02-18T09:51:43","guid":{"rendered":"https:\/\/www.vinn.no\/nettbutikk2\/produkt\/import-placeholder-for-19\/"},"modified":"2022-09-20T12:35:36","modified_gmt":"2022-09-20T10:35:36","slug":"pakketilbud-mini-skjenkebevilling","status":"publish","type":"product","link":"https:\/\/www.vinn.no\/nettbutikk\/produkt\/pakketilbud-mini-skjenkebevilling\/","title":{"rendered":"Pakke Kunnskapspr\u00f8ven skjenkebevilling: Pensumhefte + Test deg selv"},"content":{"rendered":"<p>Dette er pakken for deg som \u00f8nsker \u00e5 f\u00e5 testet dine kunnskaper om Kunnskapspr\u00f8ven i Alkoholloven for skjenkebevilling f\u00f8r du tar pr\u00f8ven hos kommunen.<\/p>\n<p>Her f\u00e5r du b\u00e5de pensumheftet og 7 dagers tilgang til v\u00e5r nettbaserte &#8220;Test deg selv&#8221;. Pr\u00f8vene du f\u00e5r er av samme vanskelighetsgrad som den du vil m\u00f8te n\u00e5r du gjennomf\u00f8rer Kunnskapspr\u00f8ven i alkoholloven for skjenkebevilling. Pr\u00f8ven best\u00e5r av 30 sp\u00f8rsm\u00e5l hvor 80 % m\u00e5 besvares korrekt i l\u00f8pet av 1 time.<\/p>\n<p>Det lages en ny pr\u00f8ve til deg hver gang fra v\u00e5r omfattende sp\u00f8rsm\u00e5lsdatabase. Du kan gjennomf\u00f8re pr\u00f8ven s\u00e5 mange ganger du vil i l\u00f8pet av de 7 dagene. Tilgangen p\u00e5 7 dager gjelder fra du trykker p\u00e5 knappen [Meld meg p\u00e5] etter innlogging.<\/p>\n<p>Pensumheftet\u00a0er\u00a0utviklet med tanke p\u00e5 at det skal v\u00e6re\u00a0kortfattet, men likevel omhandle alle forhold du forventes \u00e5 ha kunnskap om n\u00e5r du skal ta pr\u00f8ven. Heftet er organisert slik at det skal hjelpe deg \u00e5 bli kjent med de lover og forskrifter du m\u00e5 ha kjennskap til.\u00a0Pensumheftet inneholder det du trenger \u00e5 vite f\u00f8r du gjennomf\u00f8rer enten Kunnskapspr\u00f8ven i alkoholloven for skjenkebevilling eller Kunnskapspr\u00f8ven i alkoholloven for salgsbevilling.<\/p>\n<p>Pensumheftet sendes som brev med Posten, postgang tar normalt ca. \u00e9n uke. Bestillinger foretatt innen kl. 13 p\u00e5 hverdager, sendes samme dag. Bestillinger foretatt etter kl. 13 sendes neste arbeidsdag.<\/p>\n<p>Det blir opprettet en bruker til deg n\u00e5r du bestiller s\u00e5nn at du kan starte Test deg selv n\u00e5r du \u00f8nsker.<\/p>\n","protected":false},"excerpt":{"rendered":"<p>For \u00e5 f\u00e5 serveringsbevilling kreves det at daglig leder har best\u00e5tt kunnskapspr\u00f8ven i alkoholloven for serveringsvirksomhet.<br \/>\nInneholder b\u00e5de test deg selv og pensumhefte<\/p>\n","protected":false},"featured_media":32,"template":"","meta":{"_et_pb_use_builder":"on","_et_pb_old_content":"Dette er pakken for deg som \u00f8nsker \u00e5 f\u00e5 testet dine kunnskaper om Kunnskapspr\u00f8ven i Alkoholloven for skjenkebevilling f\u00f8r du tar pr\u00f8ven hos kommunen.\r\n\r\nHer f\u00e5r du b\u00e5de pensumheftet og 7 dagers tilgang til v\u00e5r nettbaserte \"Test deg selv\". Pr\u00f8vene du f\u00e5r er av samme vanskelighetsgrad som den du vil m\u00f8te n\u00e5r du gjennomf\u00f8rer Kunnskapspr\u00f8ven i alkoholloven for skjenkebevilling. Pr\u00f8ven best\u00e5r av 30 sp\u00f8rsm\u00e5l hvor 80 % m\u00e5 besvares korrekt i l\u00f8pet av 1 time.\r\n\r\nDet lages en ny pr\u00f8ve til deg hver gang fra v\u00e5r omfattende sp\u00f8rsm\u00e5lsdatabase. Du kan gjennomf\u00f8re pr\u00f8ven s\u00e5 mange ganger du vil i l\u00f8pet av de 7 dagene. Tilgangen p\u00e5 7 dager gjelder fra du trykker p\u00e5 knappen [Meld meg p\u00e5] etter innlogging.\r\n\r\nPensumheftet\u00a0er\u00a0utviklet med tanke p\u00e5 at det skal v\u00e6re\u00a0kortfattet, men likevel omhandle alle forhold du forventes \u00e5 ha kunnskap om n\u00e5r du skal ta pr\u00f8ven. Heftet er organisert slik at det skal hjelpe deg \u00e5 bli kjent med de lover og forskrifter du m\u00e5 ha kjennskap til.\u00a0Pensumheftet inneholder det du trenger \u00e5 vite f\u00f8r du gjennomf\u00f8rer enten Kunnskapspr\u00f8ven i alkoholloven for skjenkebevilling eller Kunnskapspr\u00f8ven i alkoholloven for salgsbevilling.\r\n\r\nPensumheftet sendes som brev med Posten, postgang tar normalt ca. \u00e9n uke. Bestillinger foretatt innen kl. 13 p\u00e5 hverdager, sendes samme dag. Bestillinger foretatt etter kl. 13 sendes neste arbeidsdag.\r\n\r\nDet blir opprettet en bruker til deg n\u00e5r du bestiller s\u00e5nn at du kan starte Test deg selv n\u00e5r du \u00f8nsker.","_et_gb_content_width":""},"product_brand":[],"product_cat":[18],"product_tag":[],"class_list":{"0":"post-29","1":"product","2":"type-product","3":"status-publish","4":"has-post-thumbnail","6":"product_cat-kunnskapsproven-for-skjenkebevilling","7":"product_shipping_class-bok","9":"first","10":"instock","11":"sale","12":"downloadable","13":"sold-individually","14":"taxable","15":"shipping-taxable","16":"purchasable","17":"product-type-simple"},"_links":{"self":[{"href":"https:\/\/www.vinn.no\/nettbutikk\/wp-json\/wp\/v2\/product\/29","targetHints":{"allow":["GET"]}}],"collection":[{"href":"https:\/\/www.vinn.no\/nettbutikk\/wp-json\/wp\/v2\/product"}],"about":[{"href":"https:\/\/www.vinn.no\/nettbutikk\/wp-json\/wp\/v2\/types\/product"}],"wp:featuredmedia":[{"embeddable":true,"href":"https:\/\/www.vinn.no\/nettbutikk\/wp-json\/wp\/v2\/media\/32"}],"wp:attachment":[{"href":"https:\/\/www.vinn.no\/nettbutikk\/wp-json\/wp\/v2\/media?parent=29"}],"wp:term":[{"taxonomy":"product_brand","embeddable":true,"href":"https:\/\/www.vinn.no\/nettbutikk\/wp-json\/wp\/v2\/product_brand?post=29"},{"taxonomy":"product_cat","embeddable":true,"href":"https:\/\/www.vinn.no\/nettbutikk\/wp-json\/wp\/v2\/product_cat?post=29"},{"taxonomy":"product_tag","embeddable":true,"href":"https:\/\/www.vinn.no\/nettbutikk\/wp-json\/wp\/v2\/product_tag?post=29"}],"curies":[{"name":"wp","href":"https:\/\/api.w.org\/{rel}","templated":true}]}}