{"id":44,"date":"2021-02-22T14:46:33","date_gmt":"2021-02-22T13:46:33","guid":{"rendered":"https:\/\/www.vinn.no\/nettbutikk2\/?page_id=44"},"modified":"2023-02-22T11:24:38","modified_gmt":"2023-02-22T10:24:38","slug":"forside","status":"publish","type":"page","link":"https:\/\/www.vinn.no\/nettbutikk\/","title":{"rendered":"Forside"},"content":{"rendered":"<p>[et_pb_section fb_built=&#8221;1&#8243; _builder_version=&#8221;4.9.0&#8243; _module_preset=&#8221;default&#8221; custom_padding=&#8221;37px||19px|||&#8221; global_colors_info=&#8221;{}&#8221;][et_pb_row _builder_version=&#8221;4.14.8&#8243; _module_preset=&#8221;default&#8221; custom_margin=&#8221;25px|auto|4px|auto|false|false&#8221; global_colors_info=&#8221;{}&#8221;][et_pb_column type=&#8221;4_4&#8243; _builder_version=&#8221;4.9.0&#8243; _module_preset=&#8221;default&#8221; global_colors_info=&#8221;{}&#8221;][et_pb_text _builder_version=&#8221;4.14.8&#8243; _module_preset=&#8221;default&#8221; text_font=&#8221;||||||||&#8221; header_font=&#8221;|600|||||||&#8221; header_text_color=&#8221;#171717&#8243; width=&#8221;100%&#8221; custom_margin=&#8221;||||false|false&#8221; custom_margin_tablet=&#8221;||||false|false&#8221; custom_margin_phone=&#8221;||||false|false&#8221; custom_margin_last_edited=&#8221;on|phone&#8221; custom_padding=&#8221;||||false|true&#8221; custom_padding_tablet=&#8221;||||false|true&#8221; custom_padding_phone=&#8221;|50px||50px|false|true&#8221; custom_padding_last_edited=&#8221;on|desktop&#8221; global_colors_info=&#8221;{}&#8221;]<\/p>\n<h1 style=\"text-align: center;\">Hvilken pr\u00f8ve skal du ta?<\/h1>\n<p>[\/et_pb_text][\/et_pb_column][\/et_pb_row][et_pb_row column_structure=&#8221;1_3,1_3,1_3&#8243; use_custom_gutter=&#8221;on&#8221; gutter_width=&#8221;1&#8243; make_equal=&#8221;on&#8221; _builder_version=&#8221;4.14.8&#8243; _module_preset=&#8221;default&#8221; background_enable_color=&#8221;off&#8221; width=&#8221;100%&#8221; width_tablet=&#8221;100%&#8221; width_phone=&#8221;100%&#8221; width_last_edited=&#8221;on|phone&#8221; module_alignment=&#8221;center&#8221; custom_margin=&#8221;||0px||false|false&#8221; custom_margin_tablet=&#8221;||0px||false|false&#8221; custom_margin_phone=&#8221;||0px||false|false&#8221; custom_margin_last_edited=&#8221;on|desktop&#8221; background_last_edited=&#8221;on|desktop&#8221; global_colors_info=&#8221;{}&#8221; gutter_width__hover_enabled=&#8221;off|desktop&#8221; gutter_width__hover=&#8221;2&#8243;][et_pb_column type=&#8221;1_3&#8243; _builder_version=&#8221;4.14.8&#8243; _module_preset=&#8221;default&#8221; background_enable_color=&#8221;off&#8221; custom_padding=&#8221;|23px|0px|23px|false|true&#8221; custom_padding_tablet=&#8221;|23px|0px|23px|false|true&#8221; custom_padding_phone=&#8221;||0px||false|true&#8221; custom_padding_last_edited=&#8221;on|phone&#8221; background_color_phone=&#8221;#efefef&#8221; background_last_edited=&#8221;on|phone&#8221; background_enable_color_phone=&#8221;on&#8221; global_colors_info=&#8221;{}&#8221;][et_pb_text content_tablet=&#8221;<\/p>\n<p style=%22text-align: center;%22>Skal du selge <strong>mat<\/strong> fra restaurant?<\/p>\n<p>&#8221; content_phone=&#8221;<\/p>\n<p style=%22text-align: center;%22>Skal du selge <strong>mat<\/strong> fra restaurant?<\/p>\n<p>&#8221; content_last_edited=&#8221;on|desktop&#8221; _builder_version=&#8221;4.14.8&#8243; _module_preset=&#8221;default&#8221; text_text_color=&#8221;#000000&#8243; text_font_size=&#8221;18px&#8221; text_line_height=&#8221;1.3em&#8221; header_font=&#8221;||||||||&#8221; header_text_align=&#8221;left&#8221; header_line_height=&#8221;1.3em&#8221; custom_margin=&#8221;34px||29px||false|false&#8221; custom_margin_tablet=&#8221;34px||29px||false|false&#8221; custom_margin_phone=&#8221;35px||29px||false|false&#8221; custom_margin_last_edited=&#8221;on|desktop&#8221; custom_padding=&#8221;||||false|false&#8221; text_line_height_tablet=&#8221;1.3em&#8221; text_line_height_phone=&#8221;1.3em&#8221; text_line_height_last_edited=&#8221;on|desktop&#8221; global_colors_info=&#8221;{}&#8221;]<\/p>\n<p style=\"text-align: center;\">Skal du selge <strong>mat<\/strong> fra restaurant?<\/p>\n<p>[\/et_pb_text][et_pb_blurb title=&#8221;Etablererpr\u00f8ven&#8221; url=&#8221;https:\/\/www.vinn.no\/nettbutikk\/produktkategori\/etablererproven-for-serveringsvirksomhet\/&#8221; image=&#8221;https:\/\/www.vinn.no\/nettbutikk\/wp-content\/uploads\/Etablererproven1.jpg&#8221; image_icon_width=&#8221;100%&#8221; _builder_version=&#8221;4.14.8&#8243; _module_preset=&#8221;default&#8221; header_level=&#8221;h1&#8243; header_font=&#8221;|600|||||||&#8221; header_line_height=&#8221;1.3em&#8221; text_orientation=&#8221;center&#8221; custom_margin=&#8221;||-3px|||&#8221; custom_margin_tablet=&#8221;||-3px|||&#8221; custom_margin_phone=&#8221;||-1px||false|false&#8221; custom_margin_last_edited=&#8221;on|phone&#8221; custom_padding=&#8221;||50px||false|false&#8221; global_colors_info=&#8221;{}&#8221;]<\/p>\n<p style=\"text-align: center;\">For \u00e5 f\u00e5 serveringsbevilling kreves det at daglig leder har best\u00e5tt Etablererpr\u00f8ven for serveringsvirksomhet. Se v\u00e5re produkter her!<\/p>\n<p>[\/et_pb_blurb][\/et_pb_column][et_pb_column type=&#8221;1_3&#8243; _builder_version=&#8221;4.14.8&#8243; _module_preset=&#8221;default&#8221; background_color=&#8221;#ffffff&#8221; custom_padding=&#8221;0px|0px|0px|0px|false|true&#8221; custom_padding_tablet=&#8221;0px|0px|0px|0px|false|true&#8221; custom_padding_phone=&#8221;0px|24px||24px|false|false&#8221; custom_padding_last_edited=&#8221;on|desktop&#8221; background_color_phone=&#8221;#f7f7f7&#8243; background_last_edited=&#8221;on|phone&#8221; background_enable_color_phone=&#8221;on&#8221; global_colors_info=&#8221;{}&#8221;][et_pb_text content_tablet=&#8221;<\/p>\n<p style=%22text-align: center;%22>Skal du skjenke <strong>alkohol<\/strong> fra<br \/>restaurant eller bar?<\/p>\n<p>&#8221; content_phone=&#8221;<\/p>\n<p style=%22text-align: center;%22>Skal du skjenke <strong>alkohol<\/strong> fra<br \/>restaurant eller bar?<\/p>\n<p>&#8221; content_last_edited=&#8221;on|phone&#8221; _builder_version=&#8221;4.14.8&#8243; _module_preset=&#8221;default&#8221; text_text_color=&#8221;#000000&#8243; text_font_size=&#8221;18px&#8221; text_line_height=&#8221;1.3em&#8221; header_font=&#8221;||||||||&#8221; header_text_align=&#8221;left&#8221; header_line_height=&#8221;1.3em&#8221; module_alignment=&#8221;center&#8221; custom_margin=&#8221;23px||15px||false|false&#8221; custom_margin_tablet=&#8221;23px||15px||false|false&#8221; custom_margin_phone=&#8221;35px||15px||false|false&#8221; custom_margin_last_edited=&#8221;on|desktop&#8221; custom_padding=&#8221;|||0px|false|false&#8221; text_line_height_tablet=&#8221;1.3em&#8221; text_line_height_phone=&#8221;1.3em&#8221; text_line_height_last_edited=&#8221;on|desktop&#8221; global_colors_info=&#8221;{}&#8221;]<\/p>\n<p style=\"text-align: center;\">Skal du skjenke <strong>alkohol<\/strong> fra<br \/>restaurant eller bar?<\/p>\n<p>[\/et_pb_text][et_pb_blurb title=&#8221;Kunnskapspr\u00f8ven &#8211; skjenkebevilling&#8221; url=&#8221;https:\/\/www.vinn.no\/nettbutikk\/produktkategori\/kunnskapsproven-for-skjenkebevilling\/&#8221; image=&#8221;https:\/\/www.vinn.no\/nettbutikk\/wp-content\/uploads\/Skjenkebevilling2.jpg&#8221; image_icon_width=&#8221;88%&#8221; content_tablet=&#8221;<\/p>\n<p style=%22text-align: center;%22>For \u00e5 f\u00e5 serveringsbevilling kreves det at daglig leder har best\u00e5tt Etablererpr\u00f8ven for serveringsvirksomhet. Se v\u00e5re produkter her!<\/p>\n<p>&#8221; content_phone=&#8221;<\/p>\n<p style=%22text-align: center;%22>For \u00e5 f\u00e5 serveringsbevilling kreves det at daglig leder har best\u00e5tt Etablererpr\u00f8ven for serveringsvirksomhet. Se v\u00e5re produkter her!<\/p>\n<p>&#8221; content_last_edited=&#8221;on|desktop&#8221; _builder_version=&#8221;4.14.8&#8243; _module_preset=&#8221;default&#8221; header_level=&#8221;h1&#8243; header_font=&#8221;|600|||||||&#8221; header_text_align=&#8221;center&#8221; header_line_height=&#8221;1.3em&#8221; text_orientation=&#8221;center&#8221; custom_margin=&#8221;|0px||0px|false|true&#8221; custom_margin_tablet=&#8221;|0px||0px|false|true&#8221; custom_margin_phone=&#8221;||35px||false|false&#8221; custom_margin_last_edited=&#8221;on|desktop&#8221; custom_padding=&#8221;|0px|0px|0px|false|true&#8221; global_colors_info=&#8221;{}&#8221;]<\/p>\n<p style=\"text-align: center;\">For \u00e5 f\u00e5 skjenkebevilling kreves det at styrer og stedfortreder har best\u00e5tt Kunnskapspr\u00f8ven i alkoholloven for skjenkebevilling. Se v\u00e5re produkter her!<\/p>\n<p>[\/et_pb_blurb][\/et_pb_column][et_pb_column type=&#8221;1_3&#8243; _builder_version=&#8221;4.14.8&#8243; _module_preset=&#8221;default&#8221; background_color=&#8221;#ffffff&#8221; custom_padding=&#8221;|24px|50px|24px|false|false&#8221; background_last_edited=&#8221;on|desktop&#8221; global_colors_info=&#8221;{}&#8221;][et_pb_text content_tablet=&#8221;<\/p>\n<p>Skal du selge <strong>alkohol<\/strong> fra butikk?<\/p>\n<p>&#8221; content_phone=&#8221;<\/p>\n<p style=%22text-align: center;%22>Skal du selge <strong>alkohol<\/strong> fra butikk?<\/p>\n<p>&#8221; content_last_edited=&#8221;on|phone&#8221; _builder_version=&#8221;4.14.8&#8243; _module_preset=&#8221;default&#8221; text_text_color=&#8221;#000000&#8243; text_font_size=&#8221;18px&#8221; text_line_height=&#8221;1.3em&#8221; header_font=&#8221;||||||||&#8221; header_text_align=&#8221;left&#8221; header_line_height=&#8221;1.3em&#8221; custom_margin=&#8221;35px||25px||false|false&#8221; custom_padding=&#8221;||||false|false&#8221; text_line_height_tablet=&#8221;1.3em&#8221; text_line_height_phone=&#8221;1.3em&#8221; text_line_height_last_edited=&#8221;on|desktop&#8221; global_colors_info=&#8221;{}&#8221;]<\/p>\n<p>Skal du selge\u00a0<strong>alkohol<\/strong> fra butikk?<\/p>\n<p>[\/et_pb_text][et_pb_blurb title=&#8221;Kunnskapspr\u00f8ven &#8211; salgsbevilling&#8221; url=&#8221;https:\/\/www.vinn.no\/nettbutikk\/produktkategori\/kunnskapsproven-for-salgsbevilling\/&#8221; image=&#8221;https:\/\/www.vinn.no\/nettbutikk\/wp-content\/uploads\/salgsbevilling_3-1.png&#8221; image_icon_width=&#8221;100%&#8221; _builder_version=&#8221;4.14.8&#8243; _module_preset=&#8221;default&#8221; header_level=&#8221;h1&#8243; header_font=&#8221;|600|||||||&#8221; header_line_height=&#8221;1.3em&#8221; text_orientation=&#8221;center&#8221; custom_padding=&#8221;2px||||false|false&#8221; global_colors_info=&#8221;{}&#8221;]<\/p>\n<p style=\"text-align: center;\">For \u00e5 f\u00e5 salgsbevilling kreves det at styrer og stedfortreder har best\u00e5tt Kunnskapspr\u00f8ven i alkoholloven for salgsbevilling. Kj\u00f8p materiell til pr\u00f8ven her!<\/p>\n<p>[\/et_pb_blurb][\/et_pb_column][\/et_pb_row][\/et_pb_section][et_pb_section fb_built=&#8221;1&#8243; custom_padding_last_edited=&#8221;on|phone&#8221; _builder_version=&#8221;4.14.8&#8243; _module_preset=&#8221;default&#8221; custom_margin=&#8221;||||false|false&#8221; custom_padding=&#8221;0px||||false|false&#8221; custom_padding_tablet=&#8221;0px||||false|false&#8221; custom_padding_phone=&#8221;0px||||false|false&#8221; global_colors_info=&#8221;{}&#8221;][et_pb_row _builder_version=&#8221;4.14.8&#8243; _module_preset=&#8221;default&#8221; global_colors_info=&#8221;{}&#8221;][et_pb_column type=&#8221;4_4&#8243; _builder_version=&#8221;4.9.0&#8243; _module_preset=&#8221;default&#8221; global_colors_info=&#8221;{}&#8221;][et_pb_text _builder_version=&#8221;4.14.8&#8243; _module_preset=&#8221;default&#8221; text_font=&#8221;||||||||&#8221; header_font=&#8221;|600|||||||&#8221; header_text_color=&#8221;#171717&#8243; width=&#8221;100%&#8221; custom_margin=&#8221;||||false|false&#8221; custom_margin_tablet=&#8221;||||false|false&#8221; custom_margin_phone=&#8221;||||false|false&#8221; custom_margin_last_edited=&#8221;on|phone&#8221; custom_padding=&#8221;||||false|true&#8221; custom_padding_tablet=&#8221;||||false|true&#8221; custom_padding_phone=&#8221;|0px||0px|false|true&#8221; custom_padding_last_edited=&#8221;on|desktop&#8221; global_colors_info=&#8221;{}&#8221;]<\/p>\n<h1>V\u00e5re pakketilbud<\/h1>\n<p>for deg som vil sikre at du har de aller beste forutsetningene for \u00e5 best\u00e5 pr\u00f8ven<\/p>\n<p>[\/et_pb_text][\/et_pb_column][\/et_pb_row][et_pb_row column_structure=&#8221;1_3,1_3,1_3&#8243; _builder_version=&#8221;4.9.0&#8243; _module_preset=&#8221;default&#8221; global_colors_info=&#8221;{}&#8221;][et_pb_column type=&#8221;1_3&#8243; _builder_version=&#8221;4.9.0&#8243; _module_preset=&#8221;default&#8221; global_colors_info=&#8221;{}&#8221;][et_pb_blurb title=&#8221;Pakke Etablererpr\u00f8ven: Nettkurs + Pensumhefte + Test deg selv&#8221; image=&#8221;https:\/\/www.vinn.no\/nettbutikk2\/wp-content\/uploads\/white_fullpakke.jpg&#8221; _builder_version=&#8221;4.14.8&#8243; _dynamic_attributes=&#8221;link_option_url&#8221; _module_preset=&#8221;default&#8221; header_line_height=&#8221;1.3em&#8221; link_option_url=&#8221;@ET-DC@eyJkeW5hbWljIjp0cnVlLCJjb250ZW50IjoicG9zdF9saW5rX3VybF9wcm9kdWN0Iiwic2V0dGluZ3MiOnsicG9zdF9pZCI6IjIxIn19@&#8221; hover_enabled=&#8221;0&#8243; global_colors_info=&#8221;{}&#8221; sticky_enabled=&#8221;0&#8243;]<\/p>\n<p class=\"product_title entry-title\"><span>Inneholder nettkurs (gyldig 48 timer), test deg selv (gyldig 7 dager) og pensumhefte. Vi anbefaler at dere oppgir privat postadresse for mottak av l\u00e6remateriell.<\/span><\/p>\n<p>[\/et_pb_blurb][\/et_pb_column][et_pb_column type=&#8221;1_3&#8243; _builder_version=&#8221;4.9.0&#8243; _module_preset=&#8221;default&#8221; global_colors_info=&#8221;{}&#8221;][et_pb_blurb title=&#8221;Pakke Kunnskapspr\u00f8ven skjenkebevilling: Nettkurs + Pensumhefte + Test deg selv&#8221; image=&#8221;https:\/\/www.vinn.no\/nettbutikk2\/wp-content\/uploads\/818_fullpakke_skjenk.jpg&#8221; _builder_version=&#8221;4.14.8&#8243; _dynamic_attributes=&#8221;link_option_url&#8221; _module_preset=&#8221;default&#8221; header_line_height=&#8221;1.3em&#8221; link_option_url=&#8221;@ET-DC@eyJkeW5hbWljIjp0cnVlLCJjb250ZW50IjoicG9zdF9saW5rX3VybF9wcm9kdWN0Iiwic2V0dGluZ3MiOnsicG9zdF9pZCI6IjMwIn19@&#8221; hover_enabled=&#8221;0&#8243; global_colors_info=&#8221;{}&#8221; sticky_enabled=&#8221;0&#8243;]<\/p>\n<p class=\"product_title entry-title\"><span>Inneholder nettkurs (gyldig 48 timer), test deg selv (gyldig 7 dager) og pensumhefte. Vi anbefaler at dere oppgir privat postadresse for mottak av l\u00e6remateriell.<\/span><\/p>\n<p>[\/et_pb_blurb][\/et_pb_column][et_pb_column type=&#8221;1_3&#8243; _builder_version=&#8221;4.9.0&#8243; _module_preset=&#8221;default&#8221; global_colors_info=&#8221;{}&#8221;][et_pb_blurb title=&#8221;Pakke Kunnskapspr\u00f8ven salgsbevilling: Nettkurs + Pensumhefte + Test deg selv&#8221; image=&#8221;https:\/\/www.vinn.no\/nettbutikk2\/wp-content\/uploads\/818_fullpakke_skjenk.jpg&#8221; _builder_version=&#8221;4.14.8&#8243; _dynamic_attributes=&#8221;link_option_url&#8221; _module_preset=&#8221;default&#8221; header_line_height=&#8221;1.3em&#8221; link_option_url=&#8221;@ET-DC@eyJkeW5hbWljIjp0cnVlLCJjb250ZW50IjoicG9zdF9saW5rX3VybF9wcm9kdWN0Iiwic2V0dGluZ3MiOnsicG9zdF9pZCI6IjQwIn19@&#8221; hover_enabled=&#8221;0&#8243; global_colors_info=&#8221;{}&#8221; sticky_enabled=&#8221;0&#8243;]<\/p>\n<p class=\"product_title entry-title\"><span>Inneholder nettkurs (gyldig 48 timer), test deg selv (gyldig i 7 dager)og pensumhefte. Vi anbefaler at dere oppgir privat postadresse for mottak av l\u00e6remateriell.<\/span><\/p>\n<p>[\/et_pb_blurb][\/et_pb_column][\/et_pb_row][\/et_pb_section]<\/p>\n","protected":false},"excerpt":{"rendered":"<p>Hvilken pr\u00f8ve skal du ta?Skal du selge mat fra restaurant?For \u00e5 f\u00e5 serveringsbevilling kreves det at daglig leder har best\u00e5tt Etablererpr\u00f8ven for serveringsvirksomhet. Se v\u00e5re produkter her!Skal du skjenke alkohol frarestaurant eller bar?For \u00e5 f\u00e5 skjenkebevilling kreves det at styrer og stedfortreder har best\u00e5tt Kunnskapspr\u00f8ven i alkoholloven for skjenkebevilling. Se v\u00e5re produkter her!Skal du selge\u00a0alkohol [&hellip;]<\/p>\n","protected":false},"author":1,"featured_media":0,"parent":0,"menu_order":0,"comment_status":"closed","ping_status":"closed","template":"","meta":{"_et_pb_use_builder":"on","_et_pb_old_content":"","_et_gb_content_width":"","footnotes":""},"class_list":["post-44","page","type-page","status-publish","hentry"],"_links":{"self":[{"href":"https:\/\/www.vinn.no\/nettbutikk\/wp-json\/wp\/v2\/pages\/44","targetHints":{"allow":["GET"]}}],"collection":[{"href":"https:\/\/www.vinn.no\/nettbutikk\/wp-json\/wp\/v2\/pages"}],"about":[{"href":"https:\/\/www.vinn.no\/nettbutikk\/wp-json\/wp\/v2\/types\/page"}],"author":[{"embeddable":true,"href":"https:\/\/www.vinn.no\/nettbutikk\/wp-json\/wp\/v2\/users\/1"}],"replies":[{"embeddable":true,"href":"https:\/\/www.vinn.no\/nettbutikk\/wp-json\/wp\/v2\/comments?post=44"}],"version-history":[{"count":98,"href":"https:\/\/www.vinn.no\/nettbutikk\/wp-json\/wp\/v2\/pages\/44\/revisions"}],"predecessor-version":[{"id":12566,"href":"https:\/\/www.vinn.no\/nettbutikk\/wp-json\/wp\/v2\/pages\/44\/revisions\/12566"}],"wp:attachment":[{"href":"https:\/\/www.vinn.no\/nettbutikk\/wp-json\/wp\/v2\/media?parent=44"}],"curies":[{"name":"wp","href":"https:\/\/api.w.org\/{rel}","templated":true}]}}