{"id":3,"date":"2021-02-16T12:47:02","date_gmt":"2021-02-16T11:47:02","guid":{"rendered":"https:\/\/www.vinn.no\/nettbutikk2\/?page_id=3"},"modified":"2021-03-09T19:29:52","modified_gmt":"2021-03-09T18:29:52","slug":"personvernerklaering","status":"publish","type":"page","link":"https:\/\/www.vinn.no\/nettbutikk\/personvernerklaering\/","title":{"rendered":"VINNs personvernerkl\u00e6ring"},"content":{"rendered":"[et_pb_section admin_label=&#8221;section&#8221;]\n\t\t\t[et_pb_row admin_label=&#8221;row&#8221;]\n\t\t\t\t[et_pb_column type=&#8221;4_4&#8243;][et_pb_text admin_label=&#8221;Text&#8221;]<p><strong>Denne personvernerkl\u00e6ringen forteller om hvordan VINN samler inn og bruker personopplysninger i v\u00e5r nettbutikk.<\/strong><\/p><p>VINN, ved direkt\u00f8ren, er behandlingsansvarlig for virksomhetens behandling av personopplysninger. Der det daglige ansvaret er delegert, kommer det fram under hvert enkelt punkt. Delegeringen omfatter kun oppgavene og ikke ansvaret. Erkl\u00e6ringen inneholder&nbsp;informasjon du har krav p\u00e5 n\u00e5r det samles inn personopplysninger fra nettstedet v\u00e5rt (personopplysningsloven \u00a7 19) og generell informasjon om hvordan vi behandler personopplysninger (personopplysningsloven \u00a7 18 1. ledd).<\/p><h2 class=\"wp-block-heading\">Behandling av personopplysninger p\u00e5&nbsp;<a href=\"http:\/\/www.vinn.no\/nettbutikk\">www.vinn.no\/nettbutikk<\/a><\/h2><p>Ansvarlig for nettbutikken har det daglige ansvaret for VINNs behandling av personopplysninger p\u00e5&nbsp;<a href=\"http:\/\/www.vinn.no\/nettbutikk\">www.vinn.no\/nettbutikk<\/a>. Personopplysninger vil kreves ved kj\u00f8p av tjenester i v\u00e5r nettbutikk. Opplysningene brukes kun til utsendelse av kj\u00f8pt l\u00e6remateriell. Behandlingsgrunnlaget er basert p\u00e5 berettiget interesse.<\/p><p>Opplysninger som samles inn i forbindelse med kj\u00f8p p\u00e5 v\u00e5rt nettsted, lagres p\u00e5 egne servere som driftes av v\u00e5r dataleverand\u00f8r FUNN AS. En egen databehandleravtale mellom VINN og FUNN AS regulerer hvilken informasjon leverand\u00f8ren har tilgang til og hvordan den skal behandles.<\/p><h2 class=\"wp-block-heading\">Nettstatistikk<\/h2><p>VINN samler inn avidentifiserte opplysninger om bes\u00f8kende p\u00e5&nbsp;<a href=\"http:\/\/www.vinn.no\/nettbutikk\">www.vinn.no\/nettbutikk<\/a>. Form\u00e5let med dette er \u00e5 utarbeide statistikk som vi bruker til \u00e5 forbedre og videreutvikle informasjonstilbudet p\u00e5 nettstedet. Eksempler p\u00e5 hva statistikken gir svar p\u00e5, er hvor mange som bes\u00f8ker ulike sider, hvor lenge bes\u00f8ket varer, hvilke nettsteder brukerne kommer fra og hvilke nettlesere som benyttes.<\/p><p>Opplysningene behandles i avidentifisert og aggregert form. Med avidentifisert menes at vi ikke kan spore opplysningene vi samler inn tilbake til den enkelte bruker.<\/p><h2 class=\"wp-block-heading\">Informasjonskapsler<\/h2><p>Informasjonskapsler (cookies) er sm\u00e5 tekstfiler som plasseres p\u00e5 din datamaskin n\u00e5r du laster ned en nettside.<\/p><p>Lagring av opplysninger og behandling av disse opplysningene er ikke tillatt med mindre bruker b\u00e5de har blitt informert om og har gitt sitt samtykke til behandlingen. Brukeren skal f\u00e5 vite om og godkjenne hvilke opplysninger som behandles, hva form\u00e5let med behandlingen er og hvem som behandler opplysningene.<\/p><p>F\u00f8lgende informasjonskapsler brukes p\u00e5&nbsp;<a href=\"http:\/\/www.vinn.no\/nettbutikk\">www.vinn.no\/nettbutikk<\/a>:<\/p><p>Nettbutikkverkt\u00f8yet WooCommerce plasserer inntil tre informasjonskapsler p\u00e5 din maskin (disse begynner med wp og woocommerce). Dette gj\u00f8res for \u00e5 holde rede p\u00e5 hva du har i handlekurven din og de slettes etter 2 dager.<\/p><p><a href=\"http:\/\/www.nettvett.no\/\">Slik administrerer du informasjonskapsler (nettvett.no).<\/a><\/p><h2 class=\"wp-block-heading\">Test deg selv og nettkurs<\/h2><p>N\u00e5r du kj\u00f8per \u00abnettkurs\u00bb og \u00abtest deg selv\u00bb i v\u00e5r nettbutikk, vil ditt navn og din e-postadresse overf\u00f8res til en annen portal. Du vil finne en egen personvernerkl\u00e6ring n\u00e5r du bes\u00f8ker denne portalen. Opplysningene deles ikke med andre.<\/p><h2 class=\"wp-block-heading\">Be om retting, sletting&nbsp;og innsyn<\/h2><p>Du har rett til \u00e5 be om innsyn i hvilke opplysninger som er registrert om deg, og dersom de er uriktige eller ufullstendige, kan du f\u00e5 dem rettet, supplert eller slettet. Dette kan du gj\u00f8re ved \u00e5 kontakte oss p\u00e5&nbsp;<a href=\"mailto:salg@vinn.no\">salg@vinn.no<\/a>.<\/p><h2 class=\"wp-block-heading\">Kontakt oss<\/h2><p>E-post: salg@vinn.no<br>Telefon: +47 76 96 72 00<br>Postadresse: Teknologiveien 10, 8517 Narvik<\/p><h2 class=\"wp-block-heading\">Hvem vi er<\/h2><p>V\u00e5r nettstedsadresse er: https:\/\/www.vinn.no\/nettbutikk<\/p>[\/et_pb_text][\/et_pb_column]\n\t\t\t[\/et_pb_row]\n\t\t[\/et_pb_section]","protected":false},"excerpt":{"rendered":"<p>Denne personvernerkl\u00e6ringen forteller om hvordan VINN samler inn og bruker personopplysninger i v\u00e5r nettbutikk. VINN, ved direkt\u00f8ren, er behandlingsansvarlig for virksomhetens behandling av personopplysninger. Der det daglige ansvaret er delegert, kommer det fram under hvert enkelt punkt. Delegeringen omfatter kun oppgavene og ikke ansvaret. Erkl\u00e6ringen inneholder&nbsp;informasjon du har krav p\u00e5 n\u00e5r det samles inn personopplysninger [&hellip;]<\/p>\n","protected":false},"author":1,"featured_media":0,"parent":0,"menu_order":0,"comment_status":"closed","ping_status":"open","template":"","meta":{"_et_pb_use_builder":"on","_et_pb_old_content":"<!-- wp:paragraph -->\n<p><strong>Denne personvernerkl\u00e6ringen forteller om hvordan VINN samler inn og bruker personopplysninger i v\u00e5r nettbutikk.<\/strong><\/p>\n<!-- \/wp:paragraph -->\n\n<!-- wp:paragraph -->\n<p>VINN, ved direkt\u00f8ren, er behandlingsansvarlig for virksomhetens behandling av personopplysninger. Der det daglige ansvaret er delegert, kommer det fram under hvert enkelt punkt. Delegeringen omfatter kun oppgavene og ikke ansvaret. Erkl\u00e6ringen inneholder&nbsp;informasjon du har krav p\u00e5 n\u00e5r det samles inn personopplysninger fra nettstedet v\u00e5rt (personopplysningsloven \u00a7 19) og generell informasjon om hvordan vi behandler personopplysninger (personopplysningsloven \u00a7 18 1. ledd).<\/p>\n<!-- \/wp:paragraph -->\n\n<!-- wp:heading -->\n<h2>Behandling av personopplysninger p\u00e5&nbsp;<a href=\"http:\/\/www.vinn.no\/nettbutikk\">www.vinn.no\/nettbutikk<\/a><\/h2>\n<!-- \/wp:heading -->\n\n<!-- wp:paragraph -->\n<p>Ansvarlig for nettbutikken har det daglige ansvaret for VINNs behandling av personopplysninger p\u00e5&nbsp;<a href=\"http:\/\/www.vinn.no\/nettbutikk\">www.vinn.no\/nettbutikk<\/a>. Personopplysninger vil kreves ved kj\u00f8p av tjenester i v\u00e5r nettbutikk. Opplysningene brukes kun til utsendelse av kj\u00f8pt l\u00e6remateriell. Behandlingsgrunnlaget er basert p\u00e5 berettiget interesse.<\/p>\n<!-- \/wp:paragraph -->\n\n<!-- wp:paragraph -->\n<p>Opplysninger som samles inn i forbindelse med kj\u00f8p p\u00e5 v\u00e5rt nettsted, lagres p\u00e5 egne servere som driftes av v\u00e5r dataleverand\u00f8r FUNN AS. En egen databehandleravtale mellom VINN og FUNN AS regulerer hvilken informasjon leverand\u00f8ren har tilgang til og hvordan den skal behandles.<\/p>\n<!-- \/wp:paragraph -->\n\n<!-- wp:heading -->\n<h2>Nettstatistikk<\/h2>\n<!-- \/wp:heading -->\n\n<!-- wp:paragraph -->\n<p>VINN samler inn avidentifiserte opplysninger om bes\u00f8kende p\u00e5&nbsp;<a href=\"http:\/\/www.vinn.no\/nettbutikk\">www.vinn.no\/nettbutikk<\/a>. Form\u00e5let med dette er \u00e5 utarbeide statistikk som vi bruker til \u00e5 forbedre og videreutvikle informasjonstilbudet p\u00e5 nettstedet. Eksempler p\u00e5 hva statistikken gir svar p\u00e5, er hvor mange som bes\u00f8ker ulike sider, hvor lenge bes\u00f8ket varer, hvilke nettsteder brukerne kommer fra og hvilke nettlesere som benyttes.<\/p>\n<!-- \/wp:paragraph -->\n\n<!-- wp:paragraph -->\n<p>Opplysningene behandles i avidentifisert og aggregert form. Med avidentifisert menes at vi ikke kan spore opplysningene vi samler inn tilbake til den enkelte bruker.<\/p>\n<!-- \/wp:paragraph -->\n\n<!-- wp:heading -->\n<h2>Informasjonskapsler<\/h2>\n<!-- \/wp:heading -->\n\n<!-- wp:paragraph -->\n<p>Informasjonskapsler (cookies) er sm\u00e5 tekstfiler som plasseres p\u00e5 din datamaskin n\u00e5r du laster ned en nettside.<\/p>\n<!-- \/wp:paragraph -->\n\n<!-- wp:paragraph -->\n<p>Lagring av opplysninger og behandling av disse opplysningene er ikke tillatt med mindre bruker b\u00e5de har blitt informert om og har gitt sitt samtykke til behandlingen. Brukeren skal f\u00e5 vite om og godkjenne hvilke opplysninger som behandles, hva form\u00e5let med behandlingen er og hvem som behandler opplysningene.<\/p>\n<!-- \/wp:paragraph -->\n\n<!-- wp:paragraph -->\n<p>F\u00f8lgende informasjonskapsler brukes p\u00e5&nbsp;<a href=\"http:\/\/www.vinn.no\/nettbutikk\">www.vinn.no\/nettbutikk<\/a>:<\/p>\n<!-- \/wp:paragraph -->\n\n<!-- wp:paragraph -->\n<p>Nettbutikkverkt\u00f8yet WooCommerce plasserer inntil tre informasjonskapsler p\u00e5 din maskin (disse begynner med wp og woocommerce). Dette gj\u00f8res for \u00e5 holde rede p\u00e5 hva du har i handlekurven din og de slettes etter 2 dager.<\/p>\n<!-- \/wp:paragraph -->\n\n<!-- wp:paragraph -->\n<p><a href=\"http:\/\/www.nettvett.no\/\">Slik administrerer du informasjonskapsler (nettvett.no).<\/a><\/p>\n<!-- \/wp:paragraph -->\n\n<!-- wp:heading -->\n<h2>Test deg selv og nettkurs<\/h2>\n<!-- \/wp:heading -->\n\n<!-- wp:paragraph -->\n<p>N\u00e5r du kj\u00f8per \u00abnettkurs\u00bb og \u00abtest deg selv\u00bb i v\u00e5r nettbutikk, vil ditt navn og din e-postadresse overf\u00f8res til en annen portal. Du vil finne en egen personvernerkl\u00e6ring n\u00e5r du bes\u00f8ker denne portalen. Opplysningene deles ikke med andre.<\/p>\n<!-- \/wp:paragraph -->\n\n<!-- wp:heading -->\n<h2>Be om retting, sletting&nbsp;og innsyn<\/h2>\n<!-- \/wp:heading -->\n\n<!-- wp:paragraph -->\n<p>Du har rett til \u00e5 be om innsyn i hvilke opplysninger som er registrert om deg, og dersom de er uriktige eller ufullstendige, kan du f\u00e5 dem rettet, supplert eller slettet. Dette kan du gj\u00f8re ved \u00e5 kontakte oss p\u00e5&nbsp;<a href=\"mailto:salg@vinn.no\">salg@vinn.no<\/a>.<\/p>\n<!-- \/wp:paragraph -->\n\n<!-- wp:heading -->\n<h2>Kontakt oss<\/h2>\n<!-- \/wp:heading -->\n\n<!-- wp:paragraph -->\n<p>E-post: salg@vinn.no<br>Telefon: +47 76 96 72 00<br>Postadresse: Teknologiveien 10, 8517 Narvik<\/p>\n<!-- \/wp:paragraph -->\n\n<!-- wp:heading -->\n<h2>Hvem vi er<\/h2>\n<!-- \/wp:heading -->\n\n<!-- wp:paragraph -->\n<p>V\u00e5r nettstedsadresse er: https:\/\/www.vinn.no\/nettbutikk<\/p>\n<!-- \/wp:paragraph -->","_et_gb_content_width":"","footnotes":""},"class_list":["post-3","page","type-page","status-publish","hentry"],"_links":{"self":[{"href":"https:\/\/www.vinn.no\/nettbutikk\/wp-json\/wp\/v2\/pages\/3","targetHints":{"allow":["GET"]}}],"collection":[{"href":"https:\/\/www.vinn.no\/nettbutikk\/wp-json\/wp\/v2\/pages"}],"about":[{"href":"https:\/\/www.vinn.no\/nettbutikk\/wp-json\/wp\/v2\/types\/page"}],"author":[{"embeddable":true,"href":"https:\/\/www.vinn.no\/nettbutikk\/wp-json\/wp\/v2\/users\/1"}],"replies":[{"embeddable":true,"href":"https:\/\/www.vinn.no\/nettbutikk\/wp-json\/wp\/v2\/comments?post=3"}],"version-history":[{"count":2,"href":"https:\/\/www.vinn.no\/nettbutikk\/wp-json\/wp\/v2\/pages\/3\/revisions"}],"predecessor-version":[{"id":114,"href":"https:\/\/www.vinn.no\/nettbutikk\/wp-json\/wp\/v2\/pages\/3\/revisions\/114"}],"wp:attachment":[{"href":"https:\/\/www.vinn.no\/nettbutikk\/wp-json\/wp\/v2\/media?parent=3"}],"curies":[{"name":"wp","href":"https:\/\/api.w.org\/{rel}","templated":true}]}}